{"id":402,"date":"2021-08-26T04:56:17","date_gmt":"2021-08-26T04:56:17","guid":{"rendered":"http:\/\/www.economia.umich.mx\/?page_id=402"},"modified":"2021-10-25T07:31:59","modified_gmt":"2021-10-25T07:31:59","slug":"academias","status":"publish","type":"page","link":"http:\/\/www.economia.umich.mx\/index.php\/academias\/","title":{"rendered":"Academias"},"content":{"rendered":"<p>[et_pb_section fb_built=\u00bb1&#8243; fullwidth=\u00bbon\u00bb _builder_version=\u00bb4.9.4&#8243; _module_preset=\u00bbdefault\u00bb saved_tabs=\u00bball\u00bb global_module=\u00bb1302&#8243;][et_pb_fullwidth_slider _builder_version=\u00bb4.9.4&#8243; _module_preset=\u00bbdefault\u00bb custom_padding=\u00bb65px||65px||true|\u00bb][et_pb_slide heading=\u00bbcambios\u00bb button_text=\u00bbClics\u00bb _builder_version=\u00bb4.9.4&#8243; _module_preset=\u00bbdefault\u00bb max_width=\u00bb44%\u00bb sticky_transition=\u00bbon\u00bb]<\/p>\n<p>Your content goes here. Edit or remove this text inline or in the module Content settings. You can also style every aspect of this content in the module Design settings and even apply custom CSS to this text in the module Advanced settings.<\/p>\n<p>[\/et_pb_slide][et_pb_slide heading=\u00bbSu t\u00edtulo va aqu\u00ed\u00bb button_text=\u00bbClics\u00bb _builder_version=\u00bb4.9.4&#8243; _module_preset=\u00bbdefault\u00bb sticky_transition=\u00bbon\u00bb]<\/p>\n<p>Your content goes here. Edit or remove this text inline or in the module Content settings. You can also style every aspect of this content in the module Design settings and even apply custom CSS to this text in the module Advanced settings.<\/p>\n<p>[\/et_pb_slide][\/et_pb_fullwidth_slider][\/et_pb_section][et_pb_section fb_built=\u00bb1&#8243; _builder_version=\u00bb4.9.4&#8243; _module_preset=\u00bbdefault\u00bb background_color=\u00bb#ffffff\u00bb min_height=\u00bb61px\u00bb custom_margin=\u00bb1px||-5px|||\u00bb custom_padding=\u00bb6px||3px|0px||\u00bb global_module=\u00bb440&#8243; saved_tabs=\u00bball\u00bb][et_pb_row _builder_version=\u00bb4.9.4&#8243; _module_preset=\u00bbdefault\u00bb custom_padding=\u00bb9px||7px|||\u00bb][et_pb_column type=\u00bb4_4&#8243; _builder_version=\u00bb4.9.4&#8243; _module_preset=\u00bbdefault\u00bb][lwp_divi_breadcrumbs home_text=\u00bbInicio \/ Facultad\u00bb _builder_version=\u00bb4.9.4&#8243; _module_preset=\u00bbdefault\u00bb custom_margin=\u00bb||1px|||\u00bb][\/lwp_divi_breadcrumbs][\/et_pb_column][\/et_pb_row][\/et_pb_section][et_pb_section fb_built=\u00bb1&#8243; disabled_on=\u00bbon|on|on\u00bb _builder_version=\u00bb4.9.4&#8243; _module_preset=\u00bbdefault\u00bb custom_margin=\u00bb||-6px|||\u00bb custom_padding=\u00bb17px||17px||true|\u00bb disabled=\u00bbon\u00bb][et_pb_row disabled_on=\u00bbon|on|off\u00bb _builder_version=\u00bb4.9.4&#8243; _module_preset=\u00bbdefault\u00bb custom_margin=\u00bb2px|auto|2px|auto||\u00bb custom_padding=\u00bb11px||11px||true|\u00bb][et_pb_column type=\u00bb4_4&#8243; _builder_version=\u00bb4.9.4&#8243; _module_preset=\u00bbdefault\u00bb][et_pb_text _builder_version=\u00bb4.9.4&#8243; _module_preset=\u00bbdefault\u00bb header_4_text_color=\u00bb#0C71C3&#8243; custom_margin=\u00bb||8px|||\u00bb custom_padding=\u00bb0px|||||\u00bb]<\/p>\n<h4><span style=\"color: #0a0000;\">Sub Men\u00fa<\/span> Facultad<\/h4>\n<p>[\/et_pb_text][et_pb_menu menu_id=\u00bb3&#8243; active_link_color=\u00bb#E02B20&#8243; _builder_version=\u00bb4.9.4&#8243; _module_preset=\u00bbdefault\u00bb][\/et_pb_menu][\/et_pb_column][\/et_pb_row][et_pb_row disabled_on=\u00bboff|off|on\u00bb _builder_version=\u00bb4.9.4&#8243; _module_preset=\u00bbdefault\u00bb][et_pb_column type=\u00bb4_4&#8243; _builder_version=\u00bb4.9.4&#8243; _module_preset=\u00bbdefault\u00bb][et_pb_menu menu_id=\u00bb3&#8243; logo=\u00bbhttp:\/\/www.economia.umich.mx\/wp-content\/uploads\/2021\/10\/submenu-falcultad.png\u00bb _builder_version=\u00bb4.9.4&#8243; _module_preset=\u00bbdefault\u00bb background_enable_color=\u00bboff\u00bb][\/et_pb_menu][\/et_pb_column][\/et_pb_row][\/et_pb_section][et_pb_section fb_built=\u00bb1&#8243; admin_label=\u00bbHero\u00bb _builder_version=\u00bb3.22&#8243; use_background_color_gradient=\u00bbon\u00bb background_color_gradient_start=\u00bb#8834fd\u00bb background_color_gradient_end=\u00bb#c756ec\u00bb background_color_gradient_direction=\u00bb60deg\u00bb custom_padding=\u00bb24px|0px|24px|0px|true|\u00bb][et_pb_row _builder_version=\u00bb4.9.4&#8243; _module_preset=\u00bbdefault\u00bb][et_pb_column type=\u00bb4_4&#8243; _builder_version=\u00bb4.9.4&#8243; _module_preset=\u00bbdefault\u00bb][et_pb_blurb use_icon=\u00bbon\u00bb font_icon=\u00bb%%270%%\u00bb icon_color=\u00bb#454182&#8243; _builder_version=\u00bb4.9.4&#8243; _module_preset=\u00bbdefault\u00bb custom_margin=\u00bb||-4px|||\u00bb custom_padding=\u00bb||0px|||\u00bb][\/et_pb_blurb][et_pb_text _builder_version=\u00bb4.9.4&#8243; _module_preset=\u00bbdefault\u00bb]<\/p>\n<h1 style=\"text-align: center;\"><span style=\"color: #ffffff;\"><strong>Academias<\/strong><\/span><\/h1>\n<p>[\/et_pb_text][\/et_pb_column][\/et_pb_row][\/et_pb_section][et_pb_section fb_built=\u00bb1&#8243; _builder_version=\u00bb4.9.4&#8243; _module_preset=\u00bbdefault\u00bb background_color=\u00bb#f7f7f7&#8243;][et_pb_row column_structure=\u00bb1_2,1_2&#8243; _builder_version=\u00bb3.25&#8243; custom_padding=\u00bb|||0px||\u00bb][et_pb_column type=\u00bb1_2&#8243; _builder_version=\u00bb3.25&#8243; custom_padding=\u00bb||60px|\u00bb custom_padding__hover=\u00bb|||\u00bb][et_pb_text _builder_version=\u00bb4.9.4&#8243; text_font=\u00bbOpen Sans|600|||||||\u00bb text_font_size=\u00bb16px\u00bb text_line_height=\u00bb1.8em\u00bb ul_text_color=\u00bb#0C71C3&#8243; header_font=\u00bbPoppins||||||||\u00bb header_font_size=\u00bb36px\u00bb header_line_height=\u00bb1.4em\u00bb background_layout=\u00bbdark\u00bb max_width=\u00bb550px\u00bb]<\/p>\n<h1><span style=\"color: #5e5e5e;\">Academias<\/span><\/h1>\n<p style=\"text-align: justify;\"><span style=\"color: #5e5e5e;\">La organizaci\u00f3n acad\u00e9mica promueve la creaci\u00f3n de las Academias, para un mejor funcionamiento y logro \u00f3ptimo de los objetivos a cumplir.<\/span><\/p>\n<p style=\"text-align: justify;\"><span style=\"color: #5e5e5e;\">El nivel de estudios est\u00e1 dividido en B\u00e1sico y Terminal. <\/span><\/p>\n<p style=\"text-align: justify;\"><span style=\"color: #5e5e5e;\">Dentro del Nivel B\u00e1sico se consideran tres Academias:<\/span><\/p>\n<ul>\n<li><span style=\"color: #333333;\">Econom\u00eda <\/span>\n<ul>\n<li><span style=\"color: #333333;\">Econom\u00eda I.<\/span><\/li>\n<li><span style=\"color: #333333;\">Econom\u00eda II.<\/span><\/li>\n<\/ul>\n<\/li>\n<li><span style=\"color: #333333;\">Matem\u00e1tica<\/span><\/li>\n<li><span style=\"color: #333333;\">Historia y Geograf\u00eda.<\/span><\/li>\n<\/ul>\n<p style=\"text-align: justify;\"><span style=\"color: #5e5e5e;\">La Academia de Econom\u00eda se subdivide en dos, puesto que es muy amplio el contenido acad\u00e9mico; en el Nivel Terminal tambi\u00e9n se consideran tres Academias:<\/span><\/p>\n<p><span style=\"color: #5e5e5e;\">\u00a0<\/span><\/p>\n<ul>\n<li><span style=\"color: #5e5e5e;\">Pol\u00edticas de Desarrollo.<\/span><\/li>\n<li><span style=\"color: #5e5e5e;\">Econom\u00eda de la Empresa.<\/span><\/li>\n<li><span style=\"color: #5e5e5e;\">Econom\u00eda del Sector P\u00fablico.<\/span><\/li>\n<\/ul>\n<p>[\/et_pb_text][\/et_pb_column][et_pb_column type=\u00bb1_2&#8243; _builder_version=\u00bb3.25&#8243; custom_padding=\u00bb|||\u00bb custom_padding__hover=\u00bb|||\u00bb][et_pb_image src=\u00bbhttp:\/\/www.economia.umich.mx\/wp-content\/uploads\/2021\/10\/app-marketing-illustration-01-1.png\u00bb show_bottom_space=\u00bboff\u00bb force_fullwidth=\u00bbon\u00bb align_tablet=\u00bbcenter\u00bb align_phone=\u00bb\u00bb align_last_edited=\u00bbon|desktop\u00bb _builder_version=\u00bb3.23&#8243; animation_style=\u00bbslide\u00bb animation_direction=\u00bbleft\u00bb animation_intensity_slide=\u00bb10%\u00bb][\/et_pb_image][\/et_pb_column][\/et_pb_row][\/et_pb_section][et_pb_section fb_built=\u00bb1&#8243; _builder_version=\u00bb4.9.4&#8243; _module_preset=\u00bbdefault\u00bb][et_pb_row _builder_version=\u00bb4.9.4&#8243; _module_preset=\u00bbdefault\u00bb][et_pb_column type=\u00bb4_4&#8243; _builder_version=\u00bb4.9.4&#8243; _module_preset=\u00bbdefault\u00bb][et_pb_text _builder_version=\u00bb4.9.4&#8243; _module_preset=\u00bbdefault\u00bb]<\/p>\n<h2>Funciones Generales de las Academias<\/h2>\n<p>[\/et_pb_text][\/et_pb_column][\/et_pb_row][et_pb_row column_structure=\u00bb1_2,1_2&#8243; _builder_version=\u00bb4.9.4&#8243; _module_preset=\u00bbdefault\u00bb][et_pb_column type=\u00bb1_2&#8243; _builder_version=\u00bb4.9.4&#8243; _module_preset=\u00bbdefault\u00bb][et_pb_image src=\u00bbhttp:\/\/www.economia.umich.mx\/wp-content\/uploads\/2021\/10\/academia_2.png\u00bb title_text=\u00bbacademia_2&#8243; _builder_version=\u00bb4.9.4&#8243; _module_preset=\u00bbdefault\u00bb][\/et_pb_image][\/et_pb_column][et_pb_column type=\u00bb1_2&#8243; _builder_version=\u00bb4.9.4&#8243; _module_preset=\u00bbdefault\u00bb][et_pb_accordion open_toggle_background_color=\u00bb#FFFFFF\u00bb icon_color=\u00bb#0C71C3&#8243; use_icon_font_size=\u00bbon\u00bb icon_font_size=\u00bb25px\u00bb _builder_version=\u00bb4.9.4&#8243; _module_preset=\u00bbdefault\u00bb animation_style=\u00bbfade\u00bb border_radii=\u00bbon|40px|40px|40px|40px\u00bb border_width_all=\u00bb2px\u00bb border_style_all=\u00bbdashed\u00bb][et_pb_accordion_item title=\u00bbOrganizar el trabajo docente\u00bb open=\u00bbon\u00bb _builder_version=\u00bb4.9.4&#8243; _module_preset=\u00bbdefault\u00bb]<\/p>\n<p><span>Organizar el trabajo docente, apoyar las tareas de investigaci\u00f3n y promover la difusi\u00f3nde las tem\u00e1ticas vinculadas a cada una de las Academinas en coordinaci\u00f3n con la Direcci\u00f3nde la Escuela.<\/span><\/p>\n<p><span><\/span><\/p>\n<ol start=\"1\">\n<li>Desarrollar el plan de trabajo semestral de la Academia en base a las propuestas de todos los maestros integrantes, esto es, quienes tienen materias de la Academia a su cargo y\/o l\u00edneas de investigaci\u00f3n.<\/li>\n<li>Presentar informe de las actividades realizadas al finalizar cada semestre.<\/li>\n<\/ol>\n<p>[\/et_pb_accordion_item][et_pb_accordion_item title=\u00bbPromover y vigilar\u00bb _builder_version=\u00bb4.9.4&#8243; _module_preset=\u00bbdefault\u00bb open=\u00bboff\u00bb]<\/p>\n<p>Promover y vigilar la elaboraci\u00f3n y actualizaci\u00f3n de los programas de las materias se hagan en funci\u00f3n del Plan de Estudios.\u00a0<\/p>\n<p>&nbsp;<\/p>\n<ol start=\"1\">\n<li>Mantener en archivo la versi\u00f3n actualizada de los programas de las materias.<\/li>\n<li>Proponer la revisi\u00f3n de los programas de las materias que lo ameriten.<\/li>\n<\/ol>\n<p>[\/et_pb_accordion_item][et_pb_accordion_item title=\u00bbEvaluaci\u00f3n de programas\u00bb _builder_version=\u00bb4.9.4&#8243; _module_preset=\u00bbdefault\u00bb open=\u00bboff\u00bb]<\/p>\n<p>Evaluar permanentemente la aplicaci\u00f3n de los programas de las materias.<\/p>\n<p>&nbsp;<\/p>\n<ol>\n<li>Convocar al menos a tres reuniones de Academia durante el semestre, para tratar asuntos relacionado a la aplicaci\u00f3n de los programas.<\/li>\n<li>Mantener estrecho v\u00ednculo con la Coordinaci\u00f3n de Semestre a fin de contribuir a la soluci\u00f3n de los problemas de manera r\u00e1pida y oportuna.<\/li>\n<\/ol>\n<p>[\/et_pb_accordion_item][et_pb_accordion_item title=\u00bbVelar por la bibliograf\u00eda\u00bb _builder_version=\u00bb4.9.4&#8243; _module_preset=\u00bbdefault\u00bb open=\u00bboff\u00bb]<\/p>\n<p>Velar porque la bibliograf\u00eda correspondiente a las materias de la Academia formen parte de las\u00a0 existencias de la Biblioteca y del Centro de Documentaci\u00f3n de la Escuela.\u00a0<\/p>\n<p>&nbsp;<\/p>\n<ol start=\"1\">\n<li>Revisar la existencia de material bibliogr\u00e1fico y hemerogr\u00e1fico de los temas propios de la academia.<\/li>\n<li>Canalizar sugerencias sobre material de consulta.<\/li>\n<\/ol>\n<p>[\/et_pb_accordion_item][et_pb_accordion_item title=\u00bbServir como canal de comunicaci\u00f3n\u00bb _builder_version=\u00bb4.9.4&#8243; _module_preset=\u00bbdefault\u00bb open=\u00bboff\u00bb]<\/p>\n<p>Servir de canal de comunicaci\u00f3n entre maestros y alumnos a fin de lograr el mejoramiento acad\u00e9mico en las diferentes tem\u00e1ticas que comprende, as\u00ed como posibilitar un mejor entendimiento en casos de conflicto.<\/p>\n<p>&nbsp;<\/p>\n<ol>\n<li>Recibir y atender las sugerencias y observaciones cr\u00edticas provenientes de los alumnos en relaci\u00f3n al funcionamiento de la academia.<\/li>\n<li>Canalizar a las instancias correspondientes los problemas que la Academia no pueda resolver.<\/li>\n<li>Crear las condiciones adecuadas para facilitar el flujo de opiniones que permitan un ambiente positivo de trabajo y estudio.<\/li>\n<\/ol>\n<p>[\/et_pb_accordion_item][\/et_pb_accordion][\/et_pb_column][\/et_pb_row][et_pb_row column_structure=\u00bb1_2,1_2&#8243; _builder_version=\u00bb4.9.4&#8243; _module_preset=\u00bbdefault\u00bb][et_pb_column type=\u00bb1_2&#8243; _builder_version=\u00bb4.9.4&#8243; _module_preset=\u00bbdefault\u00bb][et_pb_accordion icon_color=\u00bb#0C71C3&#8243; use_icon_font_size=\u00bbon\u00bb icon_font_size=\u00bb24px\u00bb _builder_version=\u00bb4.9.4&#8243; _module_preset=\u00bbdefault\u00bb border_radii=\u00bbon|37px|37px|37px|37px\u00bb border_width_all=\u00bb3px\u00bb border_style_all=\u00bbdashed\u00bb][et_pb_accordion_item title=\u00bbSer punto de partida y apoyo \u00bb open=\u00bbon\u00bb _builder_version=\u00bb4.9.4&#8243; _module_preset=\u00bbdefault\u00bb]<\/p>\n<p>Servir de punto de partida y apoyo a diferentes l\u00edneas de investigaci\u00f3n econ\u00f3mica y social.<\/p>\n<p>&nbsp;<\/p>\n<ol start=\"1\">\n<li>Concentrar informaci\u00f3n sobre las actividades de investigaci\u00f3n que se lleva a cabo al interior de la Academia.<\/li>\n<li>Servir de intermediario entre la Secretar\u00eda Acad\u00e9mica y los investigadores en relaci\u00f3n a eventos diversos.<\/li>\n<li>Sugerir la creaci\u00f3n de nuevas l\u00edneas de investigaci\u00f3n.<\/li>\n<li>Coordinar con el Centro de Documentaci\u00f3n la creaci\u00f3n de un banco de informaci\u00f3n sobre las l\u00edneas de investigaci\u00f3n.<\/li>\n<\/ol>\n<p>[\/et_pb_accordion_item][et_pb_accordion_item title=\u00bbPromover y participar\u00bb _builder_version=\u00bb4.9.4&#8243; _module_preset=\u00bbdefault\u00bb open=\u00bboff\u00bb]<\/p>\n<p>Promover y participar en actividades de difusi\u00f3n vinculadas a las tem\u00e1ticas de la Academia.<\/p>\n<p>&nbsp;<\/p>\n<ol start=\"1\">\n<li>Decidir\u00e1 respecto a la forma de difusi\u00f3n de los paneles, mesas redondas, simposios, etc. que se lleven a cabo.<\/li>\n<li>Organizar\u00e1 eventos de intercambio de opiniones sobre las diferentes tem\u00e1ticas y l\u00edneas de investigaci\u00f3n.<\/li>\n<\/ol>\n<p>[\/et_pb_accordion_item][et_pb_accordion_item title=\u00bbDefinir el perfil de los maestros\u00bb _builder_version=\u00bb4.9.4&#8243; _module_preset=\u00bbdefault\u00bb open=\u00bboff\u00bb]<\/p>\n<p>Establecer criterios para definir el perfil de los maestros acorde con la Academia.<\/p>\n<p>&nbsp;<\/p>\n<ol start=\"1\">\n<li>La Academia constituye la base de conformaci\u00f3n de la Comisi\u00f3n Acad\u00e9mica Dictaminadora que seleccionar\u00e1 los maestros de las asignaturas de la Academia.<\/li>\n<li>La Comisi\u00f3n Acad\u00e9mica Dicataminadora de la Academia estar\u00e1 conformada por dos maestros de la Academia y un tercero perteneciente a otra Academia de la Escuela.<\/li>\n<\/ol>\n<p>[\/et_pb_accordion_item][et_pb_accordion_item title=\u00bbEvaluaci\u00f3n de los maestros\u00bb _builder_version=\u00bb4.9.4&#8243; _module_preset=\u00bbdefault\u00bb open=\u00bboff\u00bb]<\/p>\n<p>Participar en la evaluaci\u00f3n de los maestros vinculados a la Academia.<\/p>\n<p>&nbsp;<\/p>\n<ol start=\"1\">\n<li>La Academia, en estrecho contacto con la Secretar\u00eda Acad\u00e9mica, participar\u00e1 en la evaluaci\u00f3n semestral de los maestros.<\/li>\n<li>La Academia proporcionar\u00e1 informaci\u00f3n a los maestros sobre los resultados de su evaluaci\u00f3n.<\/li>\n<\/ol>\n<p>[\/et_pb_accordion_item][et_pb_accordion_item title=\u00bbProceso de incorporaci\u00f3n de maestros\u00bb _builder_version=\u00bb4.9.4&#8243; _module_preset=\u00bbdefault\u00bb open=\u00bboff\u00bb]<\/p>\n<p>Participar en el proceso de incorporaci\u00f3n de maestros.<\/p>\n<p>&nbsp;<\/p>\n<ol start=\"1\">\n<li>Las diferentes Comisiones Acad\u00e9micas Dictaminadoras llevar\u00e1n a cabo el proceso de selecci\u00f3n de acuerdo a lo establecido en la normatividad universitaria.<\/li>\n<\/ol>\n<p>[\/et_pb_accordion_item][\/et_pb_accordion][\/et_pb_column][et_pb_column type=\u00bb1_2&#8243; _builder_version=\u00bb4.9.4&#8243; _module_preset=\u00bbdefault\u00bb][et_pb_image src=\u00bbhttp:\/\/www.economia.umich.mx\/wp-content\/uploads\/2021\/10\/academia_1.png\u00bb title_text=\u00bbacademia_1&#8243; align=\u00bbcenter\u00bb _builder_version=\u00bb4.9.4&#8243; _module_preset=\u00bbdefault\u00bb][\/et_pb_image][\/et_pb_column][\/et_pb_row][\/et_pb_section]<\/p>\n","protected":false},"excerpt":{"rendered":"<p>[et_pb_section fb_built=\u00bb1&#8243; fullwidth=\u00bbon\u00bb _builder_version=\u00bb4.9.4&#8243; _module_preset=\u00bbdefault\u00bb saved_tabs=\u00bball\u00bb global_module=\u00bb1302&#8243;][et_pb_fullwidth_slider _builder_version=\u00bb4.9.4&#8243; _module_preset=\u00bbdefault\u00bb custom_padding=\u00bb65px||65px||true|\u00bb][et_pb_slide heading=\u00bbcambios\u00bb button_text=\u00bbClics\u00bb _builder_version=\u00bb4.9.4&#8243; _module_preset=\u00bbdefault\u00bb max_width=\u00bb44%\u00bb sticky_transition=\u00bbon\u00bb] Your content goes here. Edit or remove this text inline or in the module Content settings. You can also style every aspect of this content in the module Design settings and even apply custom CSS to this text in [&hellip;]<\/p>\n","protected":false},"author":1,"featured_media":0,"parent":0,"menu_order":0,"comment_status":"closed","ping_status":"closed","template":"","meta":{"_et_pb_use_builder":"on","_et_pb_old_content":"<!-- wp:divi\/placeholder \/-->","_et_gb_content_width":""},"_links":{"self":[{"href":"http:\/\/www.economia.umich.mx\/index.php\/wp-json\/wp\/v2\/pages\/402"}],"collection":[{"href":"http:\/\/www.economia.umich.mx\/index.php\/wp-json\/wp\/v2\/pages"}],"about":[{"href":"http:\/\/www.economia.umich.mx\/index.php\/wp-json\/wp\/v2\/types\/page"}],"author":[{"embeddable":true,"href":"http:\/\/www.economia.umich.mx\/index.php\/wp-json\/wp\/v2\/users\/1"}],"replies":[{"embeddable":true,"href":"http:\/\/www.economia.umich.mx\/index.php\/wp-json\/wp\/v2\/comments?post=402"}],"version-history":[{"count":34,"href":"http:\/\/www.economia.umich.mx\/index.php\/wp-json\/wp\/v2\/pages\/402\/revisions"}],"predecessor-version":[{"id":1312,"href":"http:\/\/www.economia.umich.mx\/index.php\/wp-json\/wp\/v2\/pages\/402\/revisions\/1312"}],"wp:attachment":[{"href":"http:\/\/www.economia.umich.mx\/index.php\/wp-json\/wp\/v2\/media?parent=402"}],"curies":[{"name":"wp","href":"https:\/\/api.w.org\/{rel}","templated":true}]}}