{"id":396,"date":"2021-08-26T04:54:48","date_gmt":"2021-08-26T04:54:48","guid":{"rendered":"http:\/\/www.economia.umich.mx\/?page_id=396"},"modified":"2024-03-12T17:59:40","modified_gmt":"2024-03-12T17:59:40","slug":"acreditacion","status":"publish","type":"page","link":"http:\/\/www.economia.umich.mx\/index.php\/acreditacion\/","title":{"rendered":"Acreditaci\u00f3n"},"content":{"rendered":"<p>[et_pb_section fb_built=\u00bb1&#8243; fullwidth=\u00bbon\u00bb _builder_version=\u00bb4.9.4&#8243; _module_preset=\u00bbdefault\u00bb global_module=\u00bb1302&#8243; saved_tabs=\u00bball\u00bb][\/et_pb_section][et_pb_section fb_built=\u00bb1&#8243; _builder_version=\u00bb4.9.4&#8243; _module_preset=\u00bbdefault\u00bb background_color=\u00bb#ffffff\u00bb min_height=\u00bb61px\u00bb custom_margin=\u00bb1px||-5px|||\u00bb custom_padding=\u00bb6px||3px|0px||\u00bb global_module=\u00bb440&#8243; saved_tabs=\u00bball\u00bb][et_pb_row _builder_version=\u00bb4.9.4&#8243; _module_preset=\u00bbdefault\u00bb custom_padding=\u00bb9px||7px|||\u00bb][et_pb_column type=\u00bb4_4&#8243; _builder_version=\u00bb4.9.4&#8243; _module_preset=\u00bbdefault\u00bb][lwp_divi_breadcrumbs home_text=\u00bbInicio \/ Facultad\u00bb _builder_version=\u00bb4.9.4&#8243; _module_preset=\u00bbdefault\u00bb custom_margin=\u00bb||1px|||\u00bb][\/lwp_divi_breadcrumbs][\/et_pb_column][\/et_pb_row][\/et_pb_section][et_pb_section fb_built=\u00bb1&#8243; disabled_on=\u00bbon|on|on\u00bb _builder_version=\u00bb4.9.4&#8243; _module_preset=\u00bbdefault\u00bb custom_margin=\u00bb||-6px|||\u00bb custom_padding=\u00bb17px||17px||true|\u00bb disabled=\u00bbon\u00bb][et_pb_row disabled_on=\u00bbon|on|off\u00bb _builder_version=\u00bb4.9.4&#8243; _module_preset=\u00bbdefault\u00bb custom_margin=\u00bb2px|auto|2px|auto||\u00bb custom_padding=\u00bb11px||11px||true|\u00bb][et_pb_column type=\u00bb4_4&#8243; _builder_version=\u00bb4.9.4&#8243; _module_preset=\u00bbdefault\u00bb][et_pb_text _builder_version=\u00bb4.9.4&#8243; _module_preset=\u00bbdefault\u00bb header_4_text_color=\u00bb#0C71C3&#8243; custom_margin=\u00bb||8px|||\u00bb custom_padding=\u00bb0px|||||\u00bb]<\/p>\n<h4><span style=\"color: #0a0000;\">Sub Men\u00fa<\/span> Facultad<\/h4>\n<p>[\/et_pb_text][et_pb_menu menu_id=\u00bb3&#8243; active_link_color=\u00bb#E02B20&#8243; _builder_version=\u00bb4.9.4&#8243; _module_preset=\u00bbdefault\u00bb][\/et_pb_menu][\/et_pb_column][\/et_pb_row][et_pb_row disabled_on=\u00bboff|off|on\u00bb _builder_version=\u00bb4.9.4&#8243; _module_preset=\u00bbdefault\u00bb][et_pb_column type=\u00bb4_4&#8243; _builder_version=\u00bb4.9.4&#8243; _module_preset=\u00bbdefault\u00bb][et_pb_menu menu_id=\u00bb3&#8243; logo=\u00bbhttp:\/\/www.economia.umich.mx\/wp-content\/uploads\/2021\/10\/submenu-falcultad.png\u00bb _builder_version=\u00bb4.9.4&#8243; _module_preset=\u00bbdefault\u00bb background_enable_color=\u00bboff\u00bb][\/et_pb_menu][\/et_pb_column][\/et_pb_row][\/et_pb_section][et_pb_section fb_built=\u00bb1&#8243; _builder_version=\u00bb4.9.4&#8243; _module_preset=\u00bbdefault\u00bb use_background_color_gradient=\u00bbon\u00bb background_color_gradient_start=\u00bb#1d5107&#8243; background_color_gradient_end=\u00bb#338914&#8243; background_color_gradient_direction=\u00bb285deg\u00bb background_color_gradient_start_position=\u00bb75%\u00bb custom_padding=\u00bb26px||22px|||\u00bb][et_pb_row _builder_version=\u00bb4.9.4&#8243; _module_preset=\u00bbdefault\u00bb][et_pb_column type=\u00bb4_4&#8243; _builder_version=\u00bb4.9.4&#8243; _module_preset=\u00bbdefault\u00bb][et_pb_blurb use_icon=\u00bbon\u00bb font_icon=\u00bb%%202%%\u00bb icon_color=\u00bb#467745&#8243; _builder_version=\u00bb4.9.4&#8243; _module_preset=\u00bbdefault\u00bb custom_padding=\u00bb||0px|||\u00bb][\/et_pb_blurb][et_pb_text _builder_version=\u00bb4.9.4&#8243; _module_preset=\u00bbdefault\u00bb custom_margin=\u00bb-32px|||||\u00bb]<\/p>\n<h1 style=\"text-align: center;\"><span style=\"color: #ffffff;\"><strong>Acreditaciones<\/strong><\/span><\/h1>\n<p>[\/et_pb_text][\/et_pb_column][\/et_pb_row][\/et_pb_section][et_pb_section fb_built=\u00bb1&#8243; custom_padding_last_edited=\u00bboff|desktop\u00bb _builder_version=\u00bb4.9.4&#8243; background_size=\u00bbinitial\u00bb z_index=\u00bb0&#8243; custom_padding=\u00bb43px||11px|||\u00bb custom_padding_tablet=\u00bb0px||0px|0px\u00bb custom_padding_phone=\u00bb|||\u00bb top_divider_color=\u00bb#dddddd\u00bb top_divider_height=\u00bb118px\u00bb top_divider_repeat=\u00bb2x\u00bb bottom_divider_color=\u00bb#0DA0C5&#8243; bottom_divider_height=\u00bb171px\u00bb bottom_divider_repeat=\u00bb2x\u00bb bottom_divider_height_tablet=\u00bb149px\u00bb bottom_divider_height_phone=\u00bb143px\u00bb bottom_divider_height_last_edited=\u00bbon|desktop\u00bb][et_pb_row column_structure=\u00bb1_3,1_3,1_3&#8243; _builder_version=\u00bb4.9.4&#8243; _module_preset=\u00bbdefault\u00bb][et_pb_column type=\u00bb1_3&#8243; _builder_version=\u00bb4.9.4&#8243; _module_preset=\u00bbdefault\u00bb][et_pb_image src=\u00bbhttp:\/\/www.economia.umich.mx\/wp-content\/uploads\/2021\/10\/logo_acreditadores_conace.png\u00bb title_text=\u00bblogo_acreditadores_conace\u00bb _builder_version=\u00bb4.9.4&#8243; _module_preset=\u00bbdefault\u00bb][\/et_pb_image][\/et_pb_column][et_pb_column type=\u00bb1_3&#8243; _builder_version=\u00bb4.9.4&#8243; _module_preset=\u00bbdefault\u00bb][et_pb_image src=\u00bbhttp:\/\/www.economia.umich.mx\/wp-content\/uploads\/2021\/10\/logo_acreditadores_ciees.png\u00bb title_text=\u00bblogo_acreditadores_ciees\u00bb _builder_version=\u00bb4.9.4&#8243; _module_preset=\u00bbdefault\u00bb][\/et_pb_image][\/et_pb_column][et_pb_column type=\u00bb1_3&#8243; _builder_version=\u00bb4.9.4&#8243; _module_preset=\u00bbdefault\u00bb][et_pb_image src=\u00bbhttp:\/\/www.economia.umich.mx\/wp-content\/uploads\/2021\/10\/logo_acreditadores_fevaq.png\u00bb title_text=\u00bblogo_acreditadores_fevaq\u00bb _builder_version=\u00bb4.9.4&#8243; _module_preset=\u00bbdefault\u00bb hover_enabled=\u00bb0&#8243; sticky_enabled=\u00bb0&#8243;][\/et_pb_image][\/et_pb_column][\/et_pb_row][\/et_pb_section][et_pb_section fb_built=\u00bb1&#8243; custom_padding_last_edited=\u00bboff|desktop\u00bb _builder_version=\u00bb4.9.4&#8243; background_color=\u00bb#f2f2f2&#8243; background_size=\u00bbinitial\u00bb z_index=\u00bb0&#8243; custom_padding=\u00bb18px||68px|||\u00bb custom_padding_tablet=\u00bb0px||0px|0px\u00bb custom_padding_phone=\u00bb|||\u00bb top_divider_color=\u00bb#dddddd\u00bb top_divider_height=\u00bb118px\u00bb top_divider_repeat=\u00bb2x\u00bb bottom_divider_color=\u00bb#0DA0C5&#8243; bottom_divider_height=\u00bb171px\u00bb bottom_divider_repeat=\u00bb2x\u00bb bottom_divider_height_tablet=\u00bb149px\u00bb bottom_divider_height_phone=\u00bb143px\u00bb bottom_divider_height_last_edited=\u00bbon|desktop\u00bb hover_enabled=\u00bb0&#8243; sticky_enabled=\u00bb0&#8243;][et_pb_row _builder_version=\u00bb4.9.4&#8243; _module_preset=\u00bbdefault\u00bb hover_enabled=\u00bb0&#8243; sticky_enabled=\u00bb0&#8243;][et_pb_column type=\u00bb4_4&#8243; _builder_version=\u00bb4.9.4&#8243; _module_preset=\u00bbdefault\u00bb hover_enabled=\u00bb0&#8243; sticky_enabled=\u00bb0&#8243;][et_pb_accordion open_toggle_background_color=\u00bb#FFFFFF\u00bb closed_toggle_text_color=\u00bb#FFFFFF\u00bb closed_toggle_background_color=\u00bb#0DA0C5&#8243; icon_color=\u00bb#ffffff\u00bb use_icon_font_size=\u00bbon\u00bb icon_font_size=\u00bb22px\u00bb _builder_version=\u00bb4.9.4&#8243; _module_preset=\u00bbdefault\u00bb closed_toggle_font=\u00bbActor|700||on|||||\u00bb closed_toggle_text_align=\u00bbcenter\u00bb closed_toggle_font_size=\u00bb19px\u00bb closed_toggle_letter_spacing=\u00bb10px\u00bb body_text_color=\u00bb#7f7f7f\u00bb animation_style=\u00bbflip\u00bb hover_enabled=\u00bb0&#8243; closed_toggle_text_shadow_style=\u00bbpreset3&#8243; border_radii=\u00bbon|31px|31px|31px|31px\u00bb border_width_all=\u00bb2px\u00bb border_style_all=\u00bbdashed\u00bb sticky_enabled=\u00bb0&#8243; disabled_on=\u00bboff|off|off\u00bb][et_pb_accordion_item title=\u00bbCIEES\u00bb open=\u00bbon\u00bb _builder_version=\u00bb4.9.4&#8243; _module_preset=\u00bbdefault\u00bb hover_enabled=\u00bb0&#8243; sticky_enabled=\u00bb0&#8243;]<\/p>\n<p style=\"text-align: justify;\"><span style=\"color: #000000;\">L<\/span><span style=\"color: #000000;\">os Comit\u00e9s Interinstitucionales para la Evaluaci\u00f3n de la Educaci\u00f3n Superior (CIEES), es el organismo dedicado al aseguramiento de la calidad de programas educativos e instituciones de educaci\u00f3n superior. I<\/span><span style=\"color: #000000;\">mpulsa la calidad de las instituciones de educaci\u00f3n superior a trav\u00e9s de evaluaciones a sus programas educativos, as\u00ed como sus funciones institucionales y otorgan reconocimientos de acreditaci\u00f3n.<\/span><\/p>\n<p style=\"text-align: justify;\"><span style=\"color: #006ac1;\"> <a href=\"https:\/\/www.ciees.edu.mx\/\" target=\"_blank\" rel=\"noopener\"> M\u00e1s informaci\u00f3n &#8230; <\/a><\/span><\/p>\n<p>[\/et_pb_accordion_item][et_pb_accordion_item title=\u00bbCONACE\u00bb _builder_version=\u00bb4.9.4&#8243; _module_preset=\u00bbdefault\u00bb open=\u00bboff\u00bb]<\/p>\n<p style=\"text-align: justify;\"><span>El Consejo Nacional de Acreditaci\u00f3n de la Ciencia Econ\u00f3mica, A.C. (CONACE), es una asociaci\u00f3n civil creada en el Colegio Nacional de Economistas en M\u00e9xico, D.F. por la iniciativa de un grupo de acad\u00e9micos de diferentes universidades del pa\u00eds, con un mismo fin: la acreditaci\u00f3n de programas de econom\u00eda que fortalezcan el nivel acad\u00e9mico de los mismos y que contribuyan al mejoramiento de la calidad en los sistemas de educaci\u00f3n media superior y superior respecto de la ciencia econ\u00f3mica. Asociaci\u00f3n Civil aut\u00f3noma, sin fines de lucro, inscrita en el Registro P\u00fablico de la Propiedad, en la secci\u00f3n de Personales Morales Civiles, situaci\u00f3n que le hace disfrutar de beneficios tanto fiscales como administrativos.<\/span><\/p>\n<p style=\"text-align: justify;\"><span><\/span><\/p>\n<p style=\"text-align: justify;\"><span style=\"color: #006ac1;\"> <a href=\"http:\/\/www.conace-sae.info\/\" >M\u00e1s informaci\u00f3n &#8230; <\/a><\/span><\/p>\n<p>[\/et_pb_accordion_item][et_pb_accordion_item title=\u00bbPROCESOS\u00bb _builder_version=\u00bb4.9.4&#8243; _module_preset=\u00bbdefault\u00bb open=\u00bboff\u00bb]<\/p>\n<p>Procesos de acreditaci\u00f3n<\/p>\n<p>[\/et_pb_accordion_item][\/et_pb_accordion][\/et_pb_column][\/et_pb_row][et_pb_row _builder_version=\u00bb4.9.4&#8243; _module_preset=\u00bbdefault\u00bb hover_enabled=\u00bb0&#8243; sticky_enabled=\u00bb0&#8243; disabled_on=\u00bbon|on|on\u00bb disabled=\u00bbon\u00bb][et_pb_column type=\u00bb4_4&#8243; _builder_version=\u00bb4.9.4&#8243; _module_preset=\u00bbdefault\u00bb hover_enabled=\u00bb0&#8243; sticky_enabled=\u00bb0&#8243;][et_pb_accordion open_toggle_background_color=\u00bb#FFFFFF\u00bb closed_toggle_text_color=\u00bb#FFFFFF\u00bb closed_toggle_background_color=\u00bb#0DA0C5&#8243; icon_color=\u00bb#ffffff\u00bb use_icon_font_size=\u00bbon\u00bb icon_font_size=\u00bb22px\u00bb _builder_version=\u00bb4.9.4&#8243; _module_preset=\u00bbdefault\u00bb closed_toggle_font=\u00bbActor|700||on|||||\u00bb closed_toggle_text_align=\u00bbcenter\u00bb closed_toggle_font_size=\u00bb19px\u00bb closed_toggle_letter_spacing=\u00bb10px\u00bb body_text_color=\u00bb#7f7f7f\u00bb animation_style=\u00bbflip\u00bb hover_enabled=\u00bb0&#8243; closed_toggle_text_shadow_style=\u00bbpreset3&#8243; border_radii=\u00bbon|31px|31px|31px|31px\u00bb border_width_all=\u00bb2px\u00bb border_style_all=\u00bbdashed\u00bb sticky_enabled=\u00bb0&#8243; disabled_on=\u00bboff|off|off\u00bb][et_pb_accordion_item title=\u00bbCIEES (versi\u00f3n 1)\u00bb open=\u00bboff\u00bb _builder_version=\u00bb4.9.4&#8243; _module_preset=\u00bbdefault\u00bb hover_enabled=\u00bb0&#8243; sticky_enabled=\u00bb0&#8243;]<\/p>\n<p style=\"text-align: justify;\"><span>Los CIEES fueron instituidos en de 1991 por la Coordinaci\u00f3n Nacional para la Planeaci\u00f3n de la Educaci\u00f3n Superior (CONPES), en el marco de concertaci\u00f3n entre la Secretar\u00eda de Educaci\u00f3n P\u00fablica (SEP) y la Asociaci\u00f3n Nacional de Universidades e Instituciones de Educaci\u00f3n Superior (ANUIES), con el objeto de apoyar los procesos del Sistema Nacional de Evaluaci\u00f3n de la Educaci\u00f3n Superior, que considera tres niveles de acci\u00f3n. La autoevaluaci\u00f3n, realizada por las propias instituciones de educaci\u00f3n superior. La evaluaci\u00f3n interinstitucional por pares acad\u00e9micos, que efect\u00faan los CIEES. La evaluaci\u00f3n global del sistema y subsistemas de educaci\u00f3n superior, realizada por la Subsecretar\u00eda de Educaci\u00f3n Superior e Investigaci\u00f3n Cient\u00edfica (SESIC), la Subsecretar\u00eda de Educaci\u00f3n e Investigaci\u00f3n Tecnol\u00f3gicas (SEIT) y el Consejo Nacional de Ciencia y Tecnolog\u00eda (CONACyT).<\/span><\/p>\n<p style=\"text-align: justify;\"><span style=\"color: #006ac1;\"> <a href=\"https:\/\/www.ciees.edu.mx\/\"> M\u00e1s informaci\u00f3n &#8230; <\/a><\/span><\/p>\n<p>[\/et_pb_accordion_item][et_pb_accordion_item title=\u00bbCONACE (versi\u00f3n 1)\u00bb _builder_version=\u00bb4.9.4&#8243; _module_preset=\u00bbdefault\u00bb hover_enabled=\u00bb0&#8243; open=\u00bboff\u00bb sticky_enabled=\u00bb0&#8243;]<\/p>\n<p style=\"text-align: justify;\"><span>El Consejo Nacional de Acreditaci\u00f3n de la Ciencia Econ\u00f3mica, A.C. (CONACE), es una asociaci\u00f3n civil creada en el Colegio Nacional de Economistas en M\u00e9xico, D.F. por la iniciativa de un grupo de acad\u00e9micos de diferentes universidades del pa\u00eds, con un mismo fin: la acreditaci\u00f3n de programas de econom\u00eda que fortalezcan el nivel acad\u00e9mico de los mismos y que contribuyan al mejoramiento de la calidad en los sistemas de educaci\u00f3n media superior y superior respecto de la ciencia econ\u00f3mica. Asociaci\u00f3n Civil aut\u00f3noma, sin fines de lucro, inscrita en el Registro P\u00fablico de la Propiedad, en la secci\u00f3n de Personales Morales Civiles, situaci\u00f3n que le hace disfrutar de beneficios tanto fiscales como administrativos.<\/span><\/p>\n<p style=\"text-align: justify;\"><span><\/span><\/p>\n<p style=\"text-align: justify;\"><span style=\"color: #006ac1;\"> <a href=\"http:\/\/www.conace-sae.info\/\">M\u00e1s informaci\u00f3n &#8230; <\/a><\/span><\/p>\n<p>[\/et_pb_accordion_item][et_pb_accordion_item title=\u00bbPROCESOS (versi\u00f3n 1)\u00bb _builder_version=\u00bb4.9.4&#8243; _module_preset=\u00bbdefault\u00bb hover_enabled=\u00bb0&#8243; open=\u00bbon\u00bb sticky_enabled=\u00bb0&#8243;]<\/p>\n<p>Procesos de acreditaci\u00f3n<\/p>\n<p>[\/et_pb_accordion_item][\/et_pb_accordion][\/et_pb_column][\/et_pb_row][\/et_pb_section]<\/p>\n","protected":false},"excerpt":{"rendered":"<p>[et_pb_section fb_built=\u00bb1&#8243; fullwidth=\u00bbon\u00bb _builder_version=\u00bb4.9.4&#8243; _module_preset=\u00bbdefault\u00bb global_module=\u00bb1302&#8243; saved_tabs=\u00bball\u00bb][\/et_pb_section][et_pb_section fb_built=\u00bb1&#8243; _builder_version=\u00bb4.9.4&#8243; _module_preset=\u00bbdefault\u00bb background_color=\u00bb#ffffff\u00bb min_height=\u00bb61px\u00bb custom_margin=\u00bb1px||-5px|||\u00bb custom_padding=\u00bb6px||3px|0px||\u00bb global_module=\u00bb440&#8243; saved_tabs=\u00bball\u00bb][et_pb_row _builder_version=\u00bb4.9.4&#8243; _module_preset=\u00bbdefault\u00bb custom_padding=\u00bb9px||7px|||\u00bb][et_pb_column type=\u00bb4_4&#8243; _builder_version=\u00bb4.9.4&#8243; _module_preset=\u00bbdefault\u00bb][lwp_divi_breadcrumbs home_text=\u00bbInicio \/ Facultad\u00bb _builder_version=\u00bb4.9.4&#8243; _module_preset=\u00bbdefault\u00bb custom_margin=\u00bb||1px|||\u00bb][\/lwp_divi_breadcrumbs][\/et_pb_column][\/et_pb_row][\/et_pb_section][et_pb_section fb_built=\u00bb1&#8243; disabled_on=\u00bbon|on|on\u00bb _builder_version=\u00bb4.9.4&#8243; _module_preset=\u00bbdefault\u00bb custom_margin=\u00bb||-6px|||\u00bb custom_padding=\u00bb17px||17px||true|\u00bb disabled=\u00bbon\u00bb][et_pb_row disabled_on=\u00bbon|on|off\u00bb _builder_version=\u00bb4.9.4&#8243; _module_preset=\u00bbdefault\u00bb custom_margin=\u00bb2px|auto|2px|auto||\u00bb custom_padding=\u00bb11px||11px||true|\u00bb][et_pb_column type=\u00bb4_4&#8243; _builder_version=\u00bb4.9.4&#8243; _module_preset=\u00bbdefault\u00bb][et_pb_text _builder_version=\u00bb4.9.4&#8243; _module_preset=\u00bbdefault\u00bb header_4_text_color=\u00bb#0C71C3&#8243; custom_margin=\u00bb||8px|||\u00bb custom_padding=\u00bb0px|||||\u00bb] Sub Men\u00fa Facultad [\/et_pb_text][et_pb_menu menu_id=\u00bb3&#8243; active_link_color=\u00bb#E02B20&#8243; _builder_version=\u00bb4.9.4&#8243; [&hellip;]<\/p>\n","protected":false},"author":1,"featured_media":0,"parent":0,"menu_order":0,"comment_status":"closed","ping_status":"closed","template":"","meta":{"_et_pb_use_builder":"on","_et_pb_old_content":"<!-- wp:divi\/placeholder \/-->","_et_gb_content_width":""},"_links":{"self":[{"href":"http:\/\/www.economia.umich.mx\/index.php\/wp-json\/wp\/v2\/pages\/396"}],"collection":[{"href":"http:\/\/www.economia.umich.mx\/index.php\/wp-json\/wp\/v2\/pages"}],"about":[{"href":"http:\/\/www.economia.umich.mx\/index.php\/wp-json\/wp\/v2\/types\/page"}],"author":[{"embeddable":true,"href":"http:\/\/www.economia.umich.mx\/index.php\/wp-json\/wp\/v2\/users\/1"}],"replies":[{"embeddable":true,"href":"http:\/\/www.economia.umich.mx\/index.php\/wp-json\/wp\/v2\/comments?post=396"}],"version-history":[{"count":53,"href":"http:\/\/www.economia.umich.mx\/index.php\/wp-json\/wp\/v2\/pages\/396\/revisions"}],"predecessor-version":[{"id":3088,"href":"http:\/\/www.economia.umich.mx\/index.php\/wp-json\/wp\/v2\/pages\/396\/revisions\/3088"}],"wp:attachment":[{"href":"http:\/\/www.economia.umich.mx\/index.php\/wp-json\/wp\/v2\/media?parent=396"}],"curies":[{"name":"wp","href":"https:\/\/api.w.org\/{rel}","templated":true}]}}