{"id":272,"date":"2021-07-31T23:17:13","date_gmt":"2021-07-31T23:17:13","guid":{"rendered":"http:\/\/www.economia.umich.mx\/?page_id=272"},"modified":"2026-03-05T17:55:26","modified_gmt":"2026-03-05T17:55:26","slug":"programas-educativos","status":"publish","type":"page","link":"http:\/\/www.economia.umich.mx\/index.php\/programas-educativos\/","title":{"rendered":"Programas educativos"},"content":{"rendered":"<p>[et_pb_section fb_built=\u00bb1&#8243; _builder_version=\u00bb4.9.4&#8243; _module_preset=\u00bbdefault\u00bb use_background_color_gradient=\u00bbon\u00bb background_color_gradient_start=\u00bb#5a1b87&#8243; background_color_gradient_end=\u00bb#2163a0&#8243; background_color_gradient_direction=\u00bb319deg\u00bb background_color_gradient_start_position=\u00bb34%\u00bb background_color_gradient_end_position=\u00bb93%\u00bb custom_padding=\u00bb49px||49px||true|\u00bb][et_pb_row _builder_version=\u00bb4.9.4&#8243; _module_preset=\u00bbdefault\u00bb custom_margin=\u00bb11px|auto||auto||\u00bb custom_padding=\u00bb0px||0px||true|\u00bb][et_pb_column type=\u00bb4_4&#8243; _builder_version=\u00bb4.9.4&#8243; _module_preset=\u00bbdefault\u00bb][et_pb_blurb title=\u00bbOferta Educativa\u00bb use_icon=\u00bbon\u00bb font_icon=\u00bb%%210%%\u00bb icon_color=\u00bb#747abf\u00bb icon_placement=\u00bbleft\u00bb _builder_version=\u00bb4.9.4&#8243; _module_preset=\u00bbdefault\u00bb header_level=\u00bbh2&#8243; header_font=\u00bb|700|||||||\u00bb header_font_size=\u00bb36px\u00bb text_orientation=\u00bbcenter\u00bb background_layout=\u00bbdark\u00bb min_height=\u00bb29px\u00bb custom_margin=\u00bb12px||||false|false\u00bb hover_enabled=\u00bb0&#8243; sticky_enabled=\u00bb0&#8243;]<\/p>\n<h1 style=\"text-align: center;\"><\/h1>\n<p>[\/et_pb_blurb][\/et_pb_column][\/et_pb_row][\/et_pb_section][et_pb_section fb_built=\u00bb1&#8243; _builder_version=\u00bb4.9.4&#8243; _module_preset=\u00bbdefault\u00bb background_color=\u00bb#ffffff\u00bb min_height=\u00bb61px\u00bb custom_margin=\u00bb1px||-5px|||\u00bb custom_padding=\u00bb6px||3px|0px||\u00bb global_module=\u00bb440&#8243; saved_tabs=\u00bball\u00bb][et_pb_row _builder_version=\u00bb4.9.4&#8243; _module_preset=\u00bbdefault\u00bb custom_padding=\u00bb9px||7px|||\u00bb][et_pb_column type=\u00bb4_4&#8243; _builder_version=\u00bb4.9.4&#8243; _module_preset=\u00bbdefault\u00bb][lwp_divi_breadcrumbs home_text=\u00bbInicio \/ Facultad\u00bb _builder_version=\u00bb4.9.4&#8243; _module_preset=\u00bbdefault\u00bb custom_margin=\u00bb||1px|||\u00bb][\/lwp_divi_breadcrumbs][\/et_pb_column][\/et_pb_row][\/et_pb_section][et_pb_section fb_built=\u00bb1&#8243; _builder_version=\u00bb4.9.4&#8243; _module_preset=\u00bbdefault\u00bb custom_padding=\u00bb0px|||||\u00bb][et_pb_row column_structure=\u00bb1_2,1_2&#8243; _builder_version=\u00bb4.9.4&#8243; _module_preset=\u00bbdefault\u00bb hover_enabled=\u00bb0&#8243; sticky_enabled=\u00bb0&#8243;][et_pb_column type=\u00bb1_2&#8243; _builder_version=\u00bb4.9.4&#8243; _module_preset=\u00bbdefault\u00bb][et_pb_blurb title=\u00bbLicenciatura en Econom\u00eda (nuevo plan)\u00bb url=\u00bbhttp:\/\/www.economia.umich.mx\/index.php\/licenciatura-en-economia-2025\/\u00bb url_new_window=\u00bbon\u00bb image=\u00bbhttp:\/\/www.economia.umich.mx\/wp-content\/uploads\/2026\/03\/Bco_LE_321x355.png\u00bb image_max_width_tablet=\u00bb85%\u00bb image_max_width_phone=\u00bb71%\u00bb image_max_width_last_edited=\u00bbon|phone\u00bb _builder_version=\u00bb4.9.4&#8243; _module_preset=\u00bbdefault\u00bb header_font=\u00bb|700||on|||||\u00bb background_color=\u00bbRGBA(0,0,0,0)\u00bb use_background_color_gradient=\u00bbon\u00bb background_color_gradient_start=\u00bb#0c1126&#8243; background_color_gradient_end=\u00bb#ffffff\u00bb background_color_gradient_direction=\u00bb360deg\u00bb background_color_gradient_start_position=\u00bb49%\u00bb background_color_gradient_end_position=\u00bb0%\u00bb text_orientation=\u00bbcenter\u00bb background_layout=\u00bbdark\u00bb min_height=\u00bb248px\u00bb custom_margin=\u00bb||5px|||\u00bb custom_padding=\u00bb15px|15px|15px|15px|true|true\u00bb link_option_url=\u00bbhttp:\/\/www.economia.umich.mx\/index.php\/licenciatura-en-economia-2025\/\u00bb link_option_url_new_window=\u00bbon\u00bb hover_enabled=\u00bb0&#8243; background_last_edited=\u00bbon|phone\u00bb background_color_gradient_start_position_phone=\u00bb54%\u00bb border_radii=\u00bbon|10px|10px|10px|10px\u00bb border_width_all=\u00bb1px\u00bb border_color_all=\u00bb#6c2e33&#8243; title_text=\u00bbBco_LE_321x355&#8243; sticky_enabled=\u00bb0&#8243; image_max_width=\u00bb30%\u00bb]<\/p>\n<p><span>Se ofrece en Ciudad Universitaria de la ciudad de Morelia, Michoac\u00e1n. M\u00e9xico<\/span><\/p>\n<p><span><\/span><\/p>\n<p><span><\/span><\/p>\n<p>[\/et_pb_blurb][\/et_pb_column][et_pb_column type=\u00bb1_2&#8243; _builder_version=\u00bb4.9.4&#8243; _module_preset=\u00bbdefault\u00bb][et_pb_blurb title=\u00bbLicenciatura en Econom\u00eda\u00bb url=\u00bbhttp:\/\/www.economia.umich.mx\/index.php\/licenciatura-de-economia\/\u00bb url_new_window=\u00bbon\u00bb image=\u00bbhttp:\/\/www.economia.umich.mx\/wp-content\/uploads\/2026\/03\/Bco_LE_321x355.png\u00bb image_max_width_tablet=\u00bb85%\u00bb image_max_width_phone=\u00bb71%\u00bb image_max_width_last_edited=\u00bbon|phone\u00bb _builder_version=\u00bb4.9.4&#8243; _module_preset=\u00bbdefault\u00bb header_font=\u00bb|700||on|||||\u00bb background_color=\u00bbRGBA(0,0,0,0)\u00bb use_background_color_gradient=\u00bbon\u00bb background_color_gradient_start=\u00bb#0c1126&#8243; background_color_gradient_end=\u00bb#ffffff\u00bb background_color_gradient_direction=\u00bb360deg\u00bb background_color_gradient_start_position=\u00bb49%\u00bb background_color_gradient_end_position=\u00bb0%\u00bb text_orientation=\u00bbcenter\u00bb background_layout=\u00bbdark\u00bb min_height=\u00bb248px\u00bb custom_margin=\u00bb||5px|||\u00bb custom_padding=\u00bb15px|15px|15px|15px|true|true\u00bb link_option_url=\u00bbhttp:\/\/www.economia.umich.mx\/index.php\/licenciatura-de-economia\/\u00bb link_option_url_new_window=\u00bbon\u00bb hover_enabled=\u00bb0&#8243; background_last_edited=\u00bbon|phone\u00bb background_color_gradient_start_position_phone=\u00bb54%\u00bb border_radii=\u00bbon|10px|10px|10px|10px\u00bb border_width_all=\u00bb1px\u00bb border_color_all=\u00bb#6c2e33&#8243; title_text=\u00bbBco_LE_321x355&#8243; sticky_enabled=\u00bb0&#8243; image_max_width=\u00bb30%\u00bb locked=\u00bboff\u00bb]<\/p>\n<p><span>Se ofrece en Ciudad Universitaria de la ciudad de Morelia, Michoac\u00e1n. M\u00e9xico<\/span><\/p>\n<p><span><\/span><\/p>\n<p><span><\/span><\/p>\n<p>[\/et_pb_blurb][\/et_pb_column][\/et_pb_row][et_pb_row column_structure=\u00bb1_2,1_2&#8243; _builder_version=\u00bb4.9.4&#8243; _module_preset=\u00bbdefault\u00bb hover_enabled=\u00bb0&#8243; sticky_enabled=\u00bb0&#8243;][et_pb_column type=\u00bb1_2&#8243; _builder_version=\u00bb4.9.4&#8243; _module_preset=\u00bbdefault\u00bb][et_pb_blurb title=\u00bbLicenciatura en Comercio Exterior &#8211; L\u00e1zaro C\u00e1rdenas\u00bb url=\u00bbhttp:\/\/www.economia.umich.mx\/index.php\/l-comercio-exterior\/\u00bb url_new_window=\u00bbon\u00bb image=\u00bbhttp:\/\/www.economia.umich.mx\/wp-content\/uploads\/2026\/03\/LCBco326x355Azu.png\u00bb image_max_width_tablet=\u00bb85%\u00bb image_max_width_phone=\u00bb71%\u00bb image_max_width_last_edited=\u00bbon|phone\u00bb _builder_version=\u00bb4.9.4&#8243; _module_preset=\u00bbdefault\u00bb header_font=\u00bb|700||on|||||\u00bb background_color=\u00bbRGBA(0,0,0,0)\u00bb use_background_color_gradient=\u00bbon\u00bb background_color_gradient_start=\u00bb#006994&#8243; background_color_gradient_end=\u00bb#ffffff\u00bb background_color_gradient_direction=\u00bb360deg\u00bb background_color_gradient_start_position=\u00bb49%\u00bb background_color_gradient_end_position=\u00bb0%\u00bb text_orientation=\u00bbcenter\u00bb background_layout=\u00bbdark\u00bb min_height=\u00bb248px\u00bb custom_margin=\u00bb||5px|||\u00bb custom_padding=\u00bb15px|15px|15px|15px|true|true\u00bb link_option_url=\u00bbhttp:\/\/www.economia.umich.mx\/index.php\/l-comercio-exterior\/\u00bb link_option_url_new_window=\u00bbon\u00bb hover_enabled=\u00bb0&#8243; background_last_edited=\u00bbon|phone\u00bb background_color_gradient_start_position_phone=\u00bb54%\u00bb border_radii=\u00bbon|10px|10px|10px|10px\u00bb border_width_all=\u00bb1px\u00bb border_color_all=\u00bb#6c2e33&#8243; title_text=\u00bbLCBco326x355Azu\u00bb sticky_enabled=\u00bb0&#8243; image_max_width=\u00bb30%\u00bb]<\/p>\n<p><span>Se imparte en el Campus de la UMSNH de la ciudad y Puerto de L\u00e1zaro C\u00e1rdenas, Michoac\u00e1n. M\u00e9xico<\/span><\/p>\n<p><span><\/span><\/p>\n<p><span><\/span><\/p>\n<p>[\/et_pb_blurb][\/et_pb_column][et_pb_column type=\u00bb1_2&#8243; _builder_version=\u00bb4.9.4&#8243; _module_preset=\u00bbdefault\u00bb][et_pb_blurb title=\u00bbLicenciatura en Comercio Exterior &#8211; Uruapan\u00bb url=\u00bbhttp:\/\/www.economia.umich.mx\/index.php\/l-comercio-exterior\/\u00bb url_new_window=\u00bbon\u00bb image=\u00bbhttp:\/\/www.economia.umich.mx\/wp-content\/uploads\/2026\/03\/LCBco326x355Azu.png\u00bb image_max_width_tablet=\u00bb85%\u00bb image_max_width_phone=\u00bb71%\u00bb image_max_width_last_edited=\u00bbon|phone\u00bb _builder_version=\u00bb4.9.4&#8243; _module_preset=\u00bbdefault\u00bb header_font=\u00bb|700||on|||||\u00bb background_color=\u00bbRGBA(0,0,0,0)\u00bb use_background_color_gradient=\u00bbon\u00bb background_color_gradient_start=\u00bb#568203&#8243; background_color_gradient_end=\u00bb#ffffff\u00bb background_color_gradient_direction=\u00bb360deg\u00bb background_color_gradient_start_position=\u00bb49%\u00bb background_color_gradient_end_position=\u00bb0%\u00bb text_orientation=\u00bbcenter\u00bb background_layout=\u00bbdark\u00bb min_height=\u00bb248px\u00bb custom_margin=\u00bb||5px|||\u00bb custom_padding=\u00bb15px|15px|15px|15px|true|true\u00bb link_option_url=\u00bbhttp:\/\/www.economia.umich.mx\/index.php\/l-comercio-exterior\/\u00bb link_option_url_new_window=\u00bbon\u00bb hover_enabled=\u00bb0&#8243; background_last_edited=\u00bbon|phone\u00bb background_color_gradient_start_position_phone=\u00bb54%\u00bb border_radii=\u00bbon|10px|10px|10px|10px\u00bb border_width_all=\u00bb1px\u00bb border_color_all=\u00bb#6c2e33&#8243; title_text=\u00bbLCBco326x355Azu\u00bb sticky_enabled=\u00bb0&#8243; image_max_width=\u00bb30%\u00bb locked=\u00bboff\u00bb]<\/p>\n<p><span>Se ofrece en el Campus de la UMSNH en la ciudad de Uruapan, Michoac\u00e1n. M\u00e9xico<\/span><\/p>\n<p><span><\/span><\/p>\n<p><span><\/span><\/p>\n<p>[\/et_pb_blurb][\/et_pb_column][\/et_pb_row][et_pb_row column_structure=\u00bb1_2,1_2&#8243; _builder_version=\u00bb4.9.4&#8243; _module_preset=\u00bbdefault\u00bb hover_enabled=\u00bb0&#8243; sticky_enabled=\u00bb0&#8243;][et_pb_column type=\u00bb1_2&#8243; _builder_version=\u00bb4.9.4&#8243; _module_preset=\u00bbdefault\u00bb][et_pb_blurb title=\u00bbLicenciatura en Turismo Sostenible y Desarrollo Local\u00bb url=\u00bbhttp:\/\/www.economia.umich.mx\/index.php\/licenciatura-en-turismo-sostenible-y-desarollo-local\/\u00bb url_new_window=\u00bbon\u00bb image=\u00bbhttp:\/\/www.economia.umich.mx\/wp-content\/uploads\/2026\/03\/LiTuSoDeLo-Logotipo.jpg\u00bb image_max_width_tablet=\u00bb85%\u00bb image_max_width_phone=\u00bb71%\u00bb image_max_width_last_edited=\u00bbon|phone\u00bb _builder_version=\u00bb4.9.4&#8243; _module_preset=\u00bbdefault\u00bb header_font=\u00bb|700||on|||||\u00bb background_color=\u00bbRGBA(0,0,0,0)\u00bb use_background_color_gradient=\u00bbon\u00bb background_color_gradient_start=\u00bb#c44c56&#8243; background_color_gradient_end=\u00bb#ffffff\u00bb background_color_gradient_direction=\u00bb360deg\u00bb background_color_gradient_start_position=\u00bb49%\u00bb background_color_gradient_end_position=\u00bb0%\u00bb text_orientation=\u00bbcenter\u00bb background_layout=\u00bbdark\u00bb min_height=\u00bb248px\u00bb custom_margin=\u00bb||5px|||\u00bb custom_padding=\u00bb15px|15px|15px|15px|true|true\u00bb link_option_url=\u00bbhttp:\/\/www.economia.umich.mx\/index.php\/licenciatura-en-turismo-sostenible-y-desarollo-local\/\u00bb link_option_url_new_window=\u00bbon\u00bb hover_enabled=\u00bb0&#8243; background_last_edited=\u00bbon|phone\u00bb background_color_gradient_start_position_phone=\u00bb54%\u00bb border_radii=\u00bbon|10px|10px|10px|10px\u00bb border_width_all=\u00bb1px\u00bb border_color_all=\u00bb#6c2e33&#8243; title_text=\u00bbLiTuSoDeLo &#8211; Logotipo\u00bb sticky_enabled=\u00bb0&#8243; image_max_width=\u00bb30%\u00bb]<\/p>\n<p><span>Se ofrece en Ciudad Universitaria de la ciudad de Morelia, Michoac\u00e1n. M\u00e9xico<\/span><\/p>\n<p><span>Contacto: <\/span><span>lic.turismo.sostenible.desarrollo.local@umich.mx<\/span><\/p>\n<p>[\/et_pb_blurb][\/et_pb_column][et_pb_column type=\u00bb1_2&#8243; _builder_version=\u00bb4.9.4&#8243; _module_preset=\u00bbdefault\u00bb][et_pb_blurb title=\u00bbLicenciatura en Pol\u00edtica, Gobierno y Gesti\u00f3n P\u00fablica\u00bb url=\u00bbhttp:\/\/www.economia.umich.mx\/index.php\/licenciatura-en-politica-gobierno-y-gestion-publica\/\u00bb url_new_window=\u00bbon\u00bb image=\u00bbhttp:\/\/www.economia.umich.mx\/wp-content\/uploads\/2026\/03\/LiPoGGePu-Logo.jpg\u00bb image_max_width_tablet=\u00bb85%\u00bb image_max_width_phone=\u00bb71%\u00bb image_max_width_last_edited=\u00bbon|phone\u00bb _builder_version=\u00bb4.9.4&#8243; _module_preset=\u00bbdefault\u00bb header_font=\u00bb|700||on|||||\u00bb background_color=\u00bbRGBA(0,0,0,0)\u00bb use_background_color_gradient=\u00bbon\u00bb background_color_gradient_start=\u00bb#977212&#8243; background_color_gradient_end=\u00bb#ffffff\u00bb background_color_gradient_direction=\u00bb360deg\u00bb background_color_gradient_start_position=\u00bb49%\u00bb background_color_gradient_end_position=\u00bb0%\u00bb text_orientation=\u00bbcenter\u00bb background_layout=\u00bbdark\u00bb min_height=\u00bb248px\u00bb custom_margin=\u00bb||5px|||\u00bb custom_padding=\u00bb15px|15px|15px|15px|true|true\u00bb link_option_url=\u00bbhttp:\/\/www.economia.umich.mx\/index.php\/licenciatura-en-politica-gobierno-y-gestion-publica\/\u00bb link_option_url_new_window=\u00bbon\u00bb hover_enabled=\u00bb0&#8243; background_last_edited=\u00bbon|phone\u00bb background_color_gradient_start_position_phone=\u00bb54%\u00bb border_radii=\u00bbon|10px|10px|10px|10px\u00bb border_width_all=\u00bb1px\u00bb border_color_all=\u00bb#6c2e33&#8243; title_text=\u00bbLiPoGGePu &#8211; Logo\u00bb sticky_enabled=\u00bb0&#8243; image_max_width=\u00bb90%\u00bb locked=\u00bboff\u00bb]<\/p>\n<p><span>Se ofrece en Ciudad Universitaria de la ciudad de Morelia, Michoac\u00e1n. M\u00e9xico<\/span><\/p>\n<p><span><\/span><\/p>\n<p><span><\/span><\/p>\n<p>[\/et_pb_blurb][\/et_pb_column][\/et_pb_row][et_pb_row column_structure=\u00bb1_2,1_2&#8243; _builder_version=\u00bb4.9.4&#8243; _module_preset=\u00bbdefault\u00bb][et_pb_column type=\u00bb1_2&#8243; _builder_version=\u00bb4.9.4&#8243; _module_preset=\u00bbdefault\u00bb][et_pb_blurb title=\u00bbMaestr\u00eda en Asuntos P\u00fablicos para la Sustentabilidad\u00bb url=\u00bbhttps:\/\/www.posgradofevaq.umich.mx\/oferta-educativa\/maestr%C3%ADas\/maps\u00bb url_new_window=\u00bbon\u00bb image=\u00bbhttp:\/\/www.economia.umich.mx\/wp-content\/uploads\/2024\/03\/Logo-MAPS-281&#215;100-1.png\u00bb image_max_width_tablet=\u00bb85%\u00bb image_max_width_phone=\u00bb71%\u00bb image_max_width_last_edited=\u00bbon|phone\u00bb _builder_version=\u00bb4.9.4&#8243; _module_preset=\u00bbdefault\u00bb header_font=\u00bb|700||on|||||\u00bb background_color=\u00bbRGBA(0,0,0,0)\u00bb use_background_color_gradient=\u00bbon\u00bb background_color_gradient_start=\u00bb#6b2b31&#8243; background_color_gradient_end=\u00bb#ffffff\u00bb background_color_gradient_direction=\u00bb360deg\u00bb background_color_gradient_start_position=\u00bb49%\u00bb background_color_gradient_end_position=\u00bb0%\u00bb text_orientation=\u00bbcenter\u00bb background_layout=\u00bbdark\u00bb min_height=\u00bb248px\u00bb custom_margin=\u00bb||5px|||\u00bb custom_padding=\u00bb15px|15px|15px|15px|true|true\u00bb link_option_url=\u00bbhttps:\/\/www.posgradofevaq.umich.mx\/oferta-educativa\/maestr%C3%ADas\/maps\u00bb link_option_url_new_window=\u00bbon\u00bb hover_enabled=\u00bb0&#8243; background_last_edited=\u00bbon|phone\u00bb background_color_gradient_start_position_phone=\u00bb54%\u00bb border_radii=\u00bbon|10px|10px|10px|10px\u00bb border_width_all=\u00bb1px\u00bb border_color_all=\u00bb#6c2e33&#8243; content_max_width=\u00bb650px\u00bb sticky_enabled=\u00bb0&#8243;]<\/p>\n<p><span>Programa de maestr\u00eda de tipo profesionalizante.<br \/>Contacto: maps@fevaq.net<\/span><\/p>\n<p>[\/et_pb_blurb][\/et_pb_column][et_pb_column type=\u00bb1_2&#8243; _builder_version=\u00bb4.9.4&#8243; _module_preset=\u00bbdefault\u00bb][et_pb_blurb title=\u00bbMaestr\u00eda en Desarrollo Sustentable\u00bb url=\u00bbhttps:\/\/www.posgradofevaq.umich.mx\/oferta-educativa\/maestr%C3%ADas\/madesu\u00bb url_new_window=\u00bbon\u00bb image=\u00bbhttp:\/\/www.economia.umich.mx\/wp-content\/uploads\/2021\/06\/mds.png\u00bb image_max_width_tablet=\u00bb58%\u00bb image_max_width_phone=\u00bb\u00bb image_max_width_last_edited=\u00bbon|tablet\u00bb _builder_version=\u00bb4.9.4&#8243; _module_preset=\u00bbdefault\u00bb header_font=\u00bb|700||on|||||\u00bb header_text_align=\u00bbcenter\u00bb header_font_size=\u00bb16px\u00bb use_background_color_gradient=\u00bbon\u00bb background_color_gradient_start=\u00bb#3c2228&#8243; background_color_gradient_end=\u00bb#ffffff\u00bb background_color_gradient_direction=\u00bb360deg\u00bb background_color_gradient_start_position=\u00bb49%\u00bb background_color_gradient_end_position=\u00bb0%\u00bb text_orientation=\u00bbcenter\u00bb background_layout=\u00bbdark\u00bb custom_margin=\u00bb0px||2px||false|false\u00bb custom_padding=\u00bb15px|15px|15px|15px|true|true\u00bb link_option_url=\u00bbhttps:\/\/www.posgradofevaq.umich.mx\/oferta-educativa\/maestr%C3%ADas\/madesu\u00bb link_option_url_new_window=\u00bbon\u00bb hover_enabled=\u00bb0&#8243; background_last_edited=\u00bbon|desktop\u00bb background_color_gradient_start_position_phone=\u00bb65%\u00bb border_radii=\u00bbon|15px|15px|15px|15px\u00bb border_width_all=\u00bb1px\u00bb border_color_all=\u00bb#3c2228&#8243; sticky_enabled=\u00bb0&#8243; height=\u00bb30%\u00bb content_max_width=\u00bb260px\u00bb]<\/p>\n<p><span>Maestr\u00eda dentro del Programa Nacional de Posgrados de Calidad del CONACYT.<br \/>Contacto: madesu@fevaq.net<\/span><\/p>\n<p>[\/et_pb_blurb][\/et_pb_column][\/et_pb_row][et_pb_row column_structure=\u00bb1_2,1_2&#8243; _builder_version=\u00bb4.9.4&#8243; _module_preset=\u00bbdefault\u00bb][et_pb_column type=\u00bb1_2&#8243; _builder_version=\u00bb4.9.4&#8243; _module_preset=\u00bbdefault\u00bb][et_pb_blurb title=\u00bbDoctorado en Desarrollo y Sustentabilidad\u00bb url=\u00bbhttps:\/\/www.posgradofevaq.umich.mx\/oferta-educativa\/doctorados\/dodesu\u00bb url_new_window=\u00bbon\u00bb image=\u00bbhttp:\/\/www.economia.umich.mx\/wp-content\/uploads\/2021\/06\/dds.png\u00bb image_max_width=\u00bb70%\u00bb image_max_width_tablet=\u00bb59%\u00bb image_max_width_phone=\u00bb\u00bb image_max_width_last_edited=\u00bbon|tablet\u00bb _builder_version=\u00bb4.9.4&#8243; _module_preset=\u00bbdefault\u00bb header_font=\u00bb|700||on|||||\u00bb background_color=\u00bbRGBA(0,0,0,0)\u00bb use_background_color_gradient=\u00bbon\u00bb background_color_gradient_start=\u00bb#223f33&#8243; background_color_gradient_end=\u00bb#ffffff\u00bb background_color_gradient_direction=\u00bb360deg\u00bb background_color_gradient_start_position=\u00bb49%\u00bb background_color_gradient_end_position=\u00bb0%\u00bb text_orientation=\u00bbcenter\u00bb background_layout=\u00bbdark\u00bb min_height=\u00bb312px\u00bb custom_padding=\u00bb15px|15px|15px|15px|true|true\u00bb link_option_url=\u00bbhttps:\/\/www.posgradofevaq.umich.mx\/oferta-educativa\/doctorados\/dodesu\u00bb link_option_url_new_window=\u00bbon\u00bb hover_enabled=\u00bb0&#8243; background_last_edited=\u00bbon|phone\u00bb background_color_gradient_start_position_phone=\u00bb64%\u00bb border_radii=\u00bbon|10px|10px|10px|10px\u00bb border_width_all=\u00bb1px\u00bb border_color_all=\u00bb#223f33&#8243; sticky_enabled=\u00bb0&#8243;]<\/p>\n<p><span>Cuenta con el nivel consolidado dentro del Programa Nacional de Posgrados de Calidad del CONACYT.<br \/>Contacto: dodesu@fevaq.net<\/span><\/p>\n<p>[\/et_pb_blurb][\/et_pb_column][et_pb_column type=\u00bb1_2&#8243; _builder_version=\u00bb4.9.4&#8243; _module_preset=\u00bbdefault\u00bb][et_pb_blurb title=\u00bbDoctorado Interinstitucional en Econom\u00eda Social Solidaria\u00bb url=\u00bbhttps:\/\/www.posgradofevaq.umich.mx\/oferta-educativa\/doctorados\/diess\u00bb image=\u00bbhttp:\/\/www.economia.umich.mx\/wp-content\/uploads\/2021\/06\/diess.png\u00bb image_max_width=\u00bb66%\u00bb image_max_width_tablet=\u00bb56%\u00bb image_max_width_phone=\u00bb\u00bb image_max_width_last_edited=\u00bbon|tablet\u00bb _builder_version=\u00bb4.9.4&#8243; _module_preset=\u00bbdefault\u00bb header_font=\u00bb|700||on|||||\u00bb header_text_align=\u00bbcenter\u00bb header_font_size=\u00bb16px\u00bb use_background_color_gradient=\u00bbon\u00bb background_color_gradient_start=\u00bb#aa033e\u00bb background_color_gradient_end=\u00bb#ffffff\u00bb background_color_gradient_direction=\u00bb360deg\u00bb background_color_gradient_start_position=\u00bb49%\u00bb background_color_gradient_end_position=\u00bb0%\u00bb text_orientation=\u00bbcenter\u00bb background_layout=\u00bbdark\u00bb min_height=\u00bb291.3px\u00bb custom_margin=\u00bb0px||2px||false|false\u00bb custom_padding=\u00bb15px|15px|15px|15px|true|true\u00bb link_option_url=\u00bbhttps:\/\/www.posgradofevaq.umich.mx\/oferta-educativa\/doctorados\/diess\u00bb link_option_url_new_window=\u00bbon\u00bb hover_enabled=\u00bb0&#8243; background_last_edited=\u00bbon|desktop\u00bb background_color_gradient_start_position_phone=\u00bb65%\u00bb border_radii=\u00bbon|15px|15px|15px|15px\u00bb border_width_all=\u00bb1px\u00bb border_color_all=\u00bb#c83066&#8243; url_new_window=\u00bbon\u00bb sticky_enabled=\u00bb0&#8243;]<\/p>\n<p><span>Doctorado dentro del Programa Nacional de Posgrados de Calidad del CONACYT. Cuenta con la participaci\u00f3n de las universidades de Colima, Guanajuato y Aut\u00f3noma de Aguascalientes.<br \/>Contacto: diess@fevaq.net<\/span><\/p>\n<p>[\/et_pb_blurb][\/et_pb_column][\/et_pb_row][\/et_pb_section]<\/p>\n","protected":false},"excerpt":{"rendered":"<p>[et_pb_section fb_built=\u00bb1&#8243; _builder_version=\u00bb4.9.4&#8243; _module_preset=\u00bbdefault\u00bb use_background_color_gradient=\u00bbon\u00bb background_color_gradient_start=\u00bb#5a1b87&#8243; background_color_gradient_end=\u00bb#2163a0&#8243; background_color_gradient_direction=\u00bb319deg\u00bb background_color_gradient_start_position=\u00bb34%\u00bb background_color_gradient_end_position=\u00bb93%\u00bb custom_padding=\u00bb49px||49px||true|\u00bb][et_pb_row _builder_version=\u00bb4.9.4&#8243; _module_preset=\u00bbdefault\u00bb custom_margin=\u00bb11px|auto||auto||\u00bb custom_padding=\u00bb0px||0px||true|\u00bb][et_pb_column type=\u00bb4_4&#8243; _builder_version=\u00bb4.9.4&#8243; _module_preset=\u00bbdefault\u00bb][et_pb_blurb title=\u00bbOferta Educativa\u00bb use_icon=\u00bbon\u00bb font_icon=\u00bb%%210%%\u00bb icon_color=\u00bb#747abf\u00bb icon_placement=\u00bbleft\u00bb _builder_version=\u00bb4.9.4&#8243; _module_preset=\u00bbdefault\u00bb header_level=\u00bbh2&#8243; header_font=\u00bb|700|||||||\u00bb header_font_size=\u00bb36px\u00bb text_orientation=\u00bbcenter\u00bb background_layout=\u00bbdark\u00bb min_height=\u00bb29px\u00bb custom_margin=\u00bb12px||||false|false\u00bb hover_enabled=\u00bb0&#8243; sticky_enabled=\u00bb0&#8243;] [\/et_pb_blurb][\/et_pb_column][\/et_pb_row][\/et_pb_section][et_pb_section fb_built=\u00bb1&#8243; _builder_version=\u00bb4.9.4&#8243; _module_preset=\u00bbdefault\u00bb background_color=\u00bb#ffffff\u00bb min_height=\u00bb61px\u00bb custom_margin=\u00bb1px||-5px|||\u00bb custom_padding=\u00bb6px||3px|0px||\u00bb global_module=\u00bb440&#8243; saved_tabs=\u00bball\u00bb][et_pb_row _builder_version=\u00bb4.9.4&#8243; _module_preset=\u00bbdefault\u00bb custom_padding=\u00bb9px||7px|||\u00bb][et_pb_column type=\u00bb4_4&#8243; _builder_version=\u00bb4.9.4&#8243; _module_preset=\u00bbdefault\u00bb][lwp_divi_breadcrumbs home_text=\u00bbInicio \/ Facultad\u00bb _builder_version=\u00bb4.9.4&#8243; [&hellip;]<\/p>\n","protected":false},"author":1,"featured_media":0,"parent":0,"menu_order":0,"comment_status":"closed","ping_status":"closed","template":"","meta":{"_et_pb_use_builder":"on","_et_pb_old_content":"<!-- wp:divi\/placeholder \/-->","_et_gb_content_width":""},"_links":{"self":[{"href":"http:\/\/www.economia.umich.mx\/index.php\/wp-json\/wp\/v2\/pages\/272"}],"collection":[{"href":"http:\/\/www.economia.umich.mx\/index.php\/wp-json\/wp\/v2\/pages"}],"about":[{"href":"http:\/\/www.economia.umich.mx\/index.php\/wp-json\/wp\/v2\/types\/page"}],"author":[{"embeddable":true,"href":"http:\/\/www.economia.umich.mx\/index.php\/wp-json\/wp\/v2\/users\/1"}],"replies":[{"embeddable":true,"href":"http:\/\/www.economia.umich.mx\/index.php\/wp-json\/wp\/v2\/comments?post=272"}],"version-history":[{"count":51,"href":"http:\/\/www.economia.umich.mx\/index.php\/wp-json\/wp\/v2\/pages\/272\/revisions"}],"predecessor-version":[{"id":4710,"href":"http:\/\/www.economia.umich.mx\/index.php\/wp-json\/wp\/v2\/pages\/272\/revisions\/4710"}],"wp:attachment":[{"href":"http:\/\/www.economia.umich.mx\/index.php\/wp-json\/wp\/v2\/media?parent=272"}],"curies":[{"name":"wp","href":"https:\/\/api.w.org\/{rel}","templated":true}]}}